{"id":1503,"date":"2026-04-27T17:19:35","date_gmt":"2026-04-27T20:19:35","guid":{"rendered":"https:\/\/flashmarketing365.com\/?page_id=1503"},"modified":"2026-04-27T17:20:08","modified_gmt":"2026-04-27T20:20:08","slug":"consultoria-en-marketing-performance","status":"publish","type":"page","link":"https:\/\/flashmarketing365.com\/index.php\/consultoria-en-marketing-performance\/","title":{"rendered":"Consultor\u00eda en Marketing &amp; Performance"},"content":{"rendered":"\t\t<div data-elementor-type=\"wp-page\" data-elementor-id=\"1503\" class=\"elementor elementor-1503\" data-elementor-post-type=\"page\">\n\t\t\t\t<div class=\"elementor-element elementor-element-9e8c655 e-flex e-con-boxed wpr-particle-no wpr-jarallax-no wpr-parallax-no wpr-sticky-section-no wpr-equal-height-no e-con e-parent\" data-id=\"9e8c655\" data-element_type=\"container\" data-e-type=\"container\">\n\t\t\t\t\t<div class=\"e-con-inner\">\n\t\t\t\t<div class=\"elementor-element elementor-element-c2b6ba6 elementor-widget elementor-widget-text-editor\" data-id=\"c2b6ba6\" data-element_type=\"widget\" data-e-type=\"widget\" data-widget_type=\"text-editor.default\">\n\t\t\t\t<div class=\"elementor-widget-container\">\n\t\t\t\t\t\t\t\t\t<h2><span style=\"text-decoration: underline;\">Consultor\u00eda en Marketing &amp; Performance\u00a0<\/span><\/h2><h5>Direcci\u00f3n estrat\u00e9gica para escalar tu negocio<\/h5><p>Este servicio est\u00e1 orientado a empresas que necesitan claridad, direcci\u00f3n y un enfoque estrat\u00e9gico para escalar sus resultados. Acompa\u00f1amos la toma de decisiones para convertir tu inversi\u00f3n en crecimiento rentable.<\/p><p>Se trata de analizar el negocio en profundidad, detectar oportunidades y definir un camino claro para optimizar la inversi\u00f3n y mejorar el rendimiento.<\/p><h3>\u00a0<\/h3><h3>\u00bfQu\u00e9 hacemos?<\/h3><p>&#8211; An\u00e1lisis integral del negocio, mercado y competencia<\/p><p>&#8211; Definici\u00f3n y ajuste del cliente ideal<\/p><p>&#8211; Evaluaci\u00f3n de canales de adquisici\u00f3n (Google, Meta, TikTok, etc.)<\/p><p>&#8211; Dise\u00f1o y optimizaci\u00f3n de embudos de conversi\u00f3n<\/p><p>&#8211; Revisi\u00f3n de Campa\u00f1as activas y performance general<\/p><p>&#8211; Identificaci\u00f3n de oportunidades de crecimiento y mejora<\/p><h3>\u00a0<\/h3><h3>\u00bfQu\u00e9 logramos?<\/h3><p>&#8211; Mayor claridad estrat\u00e9gica<\/p><p>&#8211; Mejor toma de decisiones<\/p><p>&#8211; Optimizaci\u00f3n del presupuesto publicitario<\/p><p>&#8211; Identificaci\u00f3n de puntos cr\u00edticos en el embudo<\/p><p>&#8211; Base s\u00f3lida para escalar resultados<\/p><p>\u00a0<\/p><p>Cada recomendaci\u00f3n se basa en datos reales, experiencia en m\u00faltiples mercados y an\u00e1lisis del comportamiento del usuario, con el objetivo de maximizar la rentabilidad y reducir el margen de error.<\/p><h3>\u00a0<\/h3><h3>Ideal para empresas que:<\/h3><p>&#8211; Est\u00e1n invirtiendo en Marketing pero no logran escalar<\/p><p>&#8211; Necesitan una segunda mirada experta<\/p><p>&#8211; Buscan optimizar resultados sin improvisar<\/p><p>&#8211; Quieren tomar decisiones basadas en datos<\/p><p>\u00a0<\/p><h5>Tom\u00e1 decisiones estrat\u00e9gicas con respaldo profesional.<\/h5>\t\t\t\t\t\t\t\t<\/div>\n\t\t\t\t<\/div>\n\t\t\t\t\t<\/div>\n\t\t\t\t<\/div>\n\t\t\t\t<\/div>\n\t\t","protected":false},"excerpt":{"rendered":"<p>Consultor\u00eda en Marketing &amp; Performance\u00a0 Direcci\u00f3n estrat\u00e9gica para escalar tu negocio Este servicio est\u00e1 orientado a empresas que necesitan claridad, direcci\u00f3n y un enfoque estrat\u00e9gico para escalar sus resultados. Acompa\u00f1amos la toma de decisiones para convertir tu inversi\u00f3n en crecimiento rentable. Se trata de analizar el negocio en profundidad, detectar oportunidades y definir un camino claro para optimizar la inversi\u00f3n y mejorar el rendimiento. \u00a0 \u00bfQu\u00e9 hacemos? &#8211; An\u00e1lisis integral del negocio, mercado y competencia &#8211; Definici\u00f3n y ajuste del cliente ideal &#8211; Evaluaci\u00f3n de canales de adquisici\u00f3n (Google, Meta, TikTok, etc.) &#8211; Dise\u00f1o y optimizaci\u00f3n de embudos de conversi\u00f3n &#8211; Revisi\u00f3n de Campa\u00f1as activas y performance general &#8211; Identificaci\u00f3n de oportunidades de crecimiento y mejora \u00a0 \u00bfQu\u00e9 logramos? &#8211; Mayor claridad estrat\u00e9gica &#8211; Mejor toma de decisiones &#8211; Optimizaci\u00f3n del presupuesto publicitario &#8211; Identificaci\u00f3n de puntos cr\u00edticos en el embudo &#8211; Base s\u00f3lida para escalar resultados \u00a0 Cada recomendaci\u00f3n se basa en datos reales, experiencia en m\u00faltiples mercados y an\u00e1lisis del comportamiento del usuario, con el objetivo de maximizar la rentabilidad y reducir el margen de error. \u00a0 Ideal para empresas que: &#8211; Est\u00e1n invirtiendo en Marketing pero no logran escalar &#8211; Necesitan una segunda mirada experta &#8211; Buscan optimizar resultados sin improvisar &#8211; Quieren tomar decisiones basadas en datos \u00a0 Tom\u00e1 decisiones estrat\u00e9gicas con respaldo profesional.<\/p>\n","protected":false},"author":10,"featured_media":0,"parent":0,"menu_order":0,"comment_status":"closed","ping_status":"closed","template":"","meta":{"footnotes":""},"class_list":["post-1503","page","type-page","status-publish","hentry"],"yoast_head":"<!-- This site is optimized with the Yoast SEO plugin v27.4 - https:\/\/yoast.com\/product\/yoast-seo-wordpress\/ -->\n<title>Consultor\u00eda en Marketing &amp; Performance - Flash Marketing<\/title>\n<meta name=\"description\" content=\"Consultor\u00eda en Marketing &amp; Performance\u00a0Direcci\u00f3n estrat\u00e9gica para escalar tu negocioEste servicio est\u00e1 orientado a empresas que necesitan claridad,\" \/>\n<meta name=\"robots\" content=\"noindex, nofollow\" \/>\n<meta property=\"og:locale\" content=\"es_ES\" \/>\n<meta property=\"og:type\" content=\"article\" \/>\n<meta property=\"og:title\" content=\"Consultor\u00eda en Marketing &amp; Performance - Flash Marketing\" \/>\n<meta property=\"og:description\" content=\"Consultor\u00eda en Marketing &amp; Performance\u00a0Direcci\u00f3n estrat\u00e9gica para escalar tu negocioEste servicio est\u00e1 orientado a empresas que necesitan claridad,\" \/>\n<meta property=\"og:url\" content=\"https:\/\/flashmarketing365.com\/index.php\/consultoria-en-marketing-performance\/\" \/>\n<meta property=\"og:site_name\" content=\"Flash Marketing\" \/>\n<meta property=\"article:modified_time\" content=\"2026-04-27T20:20:08+00:00\" \/>\n<meta property=\"og:image\" content=\"https:\/\/flashmarketing365.com\/wp-content\/uploads\/2025\/04\/cropped-unnamed.jpg\" \/>\n\t<meta property=\"og:image:width\" content=\"512\" \/>\n\t<meta property=\"og:image:height\" content=\"512\" \/>\n\t<meta property=\"og:image:type\" content=\"image\/jpeg\" \/>\n<meta name=\"twitter:card\" content=\"summary_large_image\" \/>\n<meta name=\"twitter:label1\" content=\"Tiempo de lectura\" \/>\n\t<meta name=\"twitter:data1\" content=\"1 minuto\" \/>\n<script type=\"application\/ld+json\" class=\"yoast-schema-graph\">{\"@context\":\"https:\\\/\\\/schema.org\",\"@graph\":[{\"@type\":\"WebPage\",\"@id\":\"https:\\\/\\\/flashmarketing365.com\\\/index.php\\\/consultoria-en-marketing-performance\\\/\",\"url\":\"https:\\\/\\\/flashmarketing365.com\\\/index.php\\\/consultoria-en-marketing-performance\\\/\",\"name\":\"Consultor\u00eda en Marketing &amp; Performance - Flash Marketing\",\"isPartOf\":{\"@id\":\"https:\\\/\\\/flashmarketing365.com\\\/#website\"},\"datePublished\":\"2026-04-27T20:19:35+00:00\",\"dateModified\":\"2026-04-27T20:20:08+00:00\",\"description\":\"Consultor\u00eda en Marketing &amp; Performance\u00a0Direcci\u00f3n estrat\u00e9gica para escalar tu negocioEste servicio est\u00e1 orientado a empresas que necesitan claridad,\",\"breadcrumb\":{\"@id\":\"https:\\\/\\\/flashmarketing365.com\\\/index.php\\\/consultoria-en-marketing-performance\\\/#breadcrumb\"},\"inLanguage\":\"es-AR\",\"potentialAction\":[{\"@type\":\"ReadAction\",\"target\":[\"https:\\\/\\\/flashmarketing365.com\\\/index.php\\\/consultoria-en-marketing-performance\\\/\"]}]},{\"@type\":\"BreadcrumbList\",\"@id\":\"https:\\\/\\\/flashmarketing365.com\\\/index.php\\\/consultoria-en-marketing-performance\\\/#breadcrumb\",\"itemListElement\":[{\"@type\":\"ListItem\",\"position\":1,\"name\":\"Home\",\"item\":\"https:\\\/\\\/flashmarketing365.com\\\/\"},{\"@type\":\"ListItem\",\"position\":2,\"name\":\"Consultor\u00eda en Marketing &amp; Performance\"}]},{\"@type\":\"WebSite\",\"@id\":\"https:\\\/\\\/flashmarketing365.com\\\/#website\",\"url\":\"https:\\\/\\\/flashmarketing365.com\\\/\",\"name\":\"Flash Marketing 365\",\"description\":\"Performance Ads aumento de ROAS\",\"publisher\":{\"@id\":\"https:\\\/\\\/flashmarketing365.com\\\/#organization\"},\"alternateName\":\"Flash Marketing 365\",\"potentialAction\":[{\"@type\":\"SearchAction\",\"target\":{\"@type\":\"EntryPoint\",\"urlTemplate\":\"https:\\\/\\\/flashmarketing365.com\\\/?s={search_term_string}\"},\"query-input\":{\"@type\":\"PropertyValueSpecification\",\"valueRequired\":true,\"valueName\":\"search_term_string\"}}],\"inLanguage\":\"es-AR\"},{\"@type\":\"Organization\",\"@id\":\"https:\\\/\\\/flashmarketing365.com\\\/#organization\",\"name\":\"Flash Marketing 365\",\"alternateName\":\"Flash Marketing 365\",\"url\":\"https:\\\/\\\/flashmarketing365.com\\\/\",\"logo\":{\"@type\":\"ImageObject\",\"inLanguage\":\"es-AR\",\"@id\":\"https:\\\/\\\/flashmarketing365.com\\\/#\\\/schema\\\/logo\\\/image\\\/\",\"url\":\"https:\\\/\\\/flashmarketing365.com\\\/wp-content\\\/uploads\\\/2025\\\/04\\\/unnamed.jpg\",\"contentUrl\":\"https:\\\/\\\/flashmarketing365.com\\\/wp-content\\\/uploads\\\/2025\\\/04\\\/unnamed.jpg\",\"width\":432,\"height\":432,\"caption\":\"Flash Marketing 365\"},\"image\":{\"@id\":\"https:\\\/\\\/flashmarketing365.com\\\/#\\\/schema\\\/logo\\\/image\\\/\"},\"sameAs\":[\"https:\\\/\\\/www.instagram.com\\\/flashmarketing_365\\\/\",\"https:\\\/\\\/www.youtube.com\\\/@FlashMarketing365\"]}]}<\/script>\n<!-- \/ Yoast SEO plugin. -->","yoast_head_json":{"title":"Consultor\u00eda en Marketing &amp; Performance - Flash Marketing","description":"Consultor\u00eda en Marketing &amp; Performance\u00a0Direcci\u00f3n estrat\u00e9gica para escalar tu negocioEste servicio est\u00e1 orientado a empresas que necesitan claridad,","robots":{"index":"noindex","follow":"nofollow"},"og_locale":"es_ES","og_type":"article","og_title":"Consultor\u00eda en Marketing &amp; Performance - Flash Marketing","og_description":"Consultor\u00eda en Marketing &amp; Performance\u00a0Direcci\u00f3n estrat\u00e9gica para escalar tu negocioEste servicio est\u00e1 orientado a empresas que necesitan claridad,","og_url":"https:\/\/flashmarketing365.com\/index.php\/consultoria-en-marketing-performance\/","og_site_name":"Flash Marketing","article_modified_time":"2026-04-27T20:20:08+00:00","og_image":[{"width":512,"height":512,"url":"https:\/\/flashmarketing365.com\/wp-content\/uploads\/2025\/04\/cropped-unnamed.jpg","type":"image\/jpeg"}],"twitter_card":"summary_large_image","twitter_misc":{"Tiempo de lectura":"1 minuto"},"schema":{"@context":"https:\/\/schema.org","@graph":[{"@type":"WebPage","@id":"https:\/\/flashmarketing365.com\/index.php\/consultoria-en-marketing-performance\/","url":"https:\/\/flashmarketing365.com\/index.php\/consultoria-en-marketing-performance\/","name":"Consultor\u00eda en Marketing &amp; Performance - Flash Marketing","isPartOf":{"@id":"https:\/\/flashmarketing365.com\/#website"},"datePublished":"2026-04-27T20:19:35+00:00","dateModified":"2026-04-27T20:20:08+00:00","description":"Consultor\u00eda en Marketing &amp; Performance\u00a0Direcci\u00f3n estrat\u00e9gica para escalar tu negocioEste servicio est\u00e1 orientado a empresas que necesitan claridad,","breadcrumb":{"@id":"https:\/\/flashmarketing365.com\/index.php\/consultoria-en-marketing-performance\/#breadcrumb"},"inLanguage":"es-AR","potentialAction":[{"@type":"ReadAction","target":["https:\/\/flashmarketing365.com\/index.php\/consultoria-en-marketing-performance\/"]}]},{"@type":"BreadcrumbList","@id":"https:\/\/flashmarketing365.com\/index.php\/consultoria-en-marketing-performance\/#breadcrumb","itemListElement":[{"@type":"ListItem","position":1,"name":"Home","item":"https:\/\/flashmarketing365.com\/"},{"@type":"ListItem","position":2,"name":"Consultor\u00eda en Marketing &amp; Performance"}]},{"@type":"WebSite","@id":"https:\/\/flashmarketing365.com\/#website","url":"https:\/\/flashmarketing365.com\/","name":"Flash Marketing 365","description":"Performance Ads aumento de ROAS","publisher":{"@id":"https:\/\/flashmarketing365.com\/#organization"},"alternateName":"Flash Marketing 365","potentialAction":[{"@type":"SearchAction","target":{"@type":"EntryPoint","urlTemplate":"https:\/\/flashmarketing365.com\/?s={search_term_string}"},"query-input":{"@type":"PropertyValueSpecification","valueRequired":true,"valueName":"search_term_string"}}],"inLanguage":"es-AR"},{"@type":"Organization","@id":"https:\/\/flashmarketing365.com\/#organization","name":"Flash Marketing 365","alternateName":"Flash Marketing 365","url":"https:\/\/flashmarketing365.com\/","logo":{"@type":"ImageObject","inLanguage":"es-AR","@id":"https:\/\/flashmarketing365.com\/#\/schema\/logo\/image\/","url":"https:\/\/flashmarketing365.com\/wp-content\/uploads\/2025\/04\/unnamed.jpg","contentUrl":"https:\/\/flashmarketing365.com\/wp-content\/uploads\/2025\/04\/unnamed.jpg","width":432,"height":432,"caption":"Flash Marketing 365"},"image":{"@id":"https:\/\/flashmarketing365.com\/#\/schema\/logo\/image\/"},"sameAs":["https:\/\/www.instagram.com\/flashmarketing_365\/","https:\/\/www.youtube.com\/@FlashMarketing365"]}]}},"_links":{"self":[{"href":"https:\/\/flashmarketing365.com\/index.php\/wp-json\/wp\/v2\/pages\/1503","targetHints":{"allow":["GET"]}}],"collection":[{"href":"https:\/\/flashmarketing365.com\/index.php\/wp-json\/wp\/v2\/pages"}],"about":[{"href":"https:\/\/flashmarketing365.com\/index.php\/wp-json\/wp\/v2\/types\/page"}],"author":[{"embeddable":true,"href":"https:\/\/flashmarketing365.com\/index.php\/wp-json\/wp\/v2\/users\/10"}],"replies":[{"embeddable":true,"href":"https:\/\/flashmarketing365.com\/index.php\/wp-json\/wp\/v2\/comments?post=1503"}],"version-history":[{"count":10,"href":"https:\/\/flashmarketing365.com\/index.php\/wp-json\/wp\/v2\/pages\/1503\/revisions"}],"predecessor-version":[{"id":1563,"href":"https:\/\/flashmarketing365.com\/index.php\/wp-json\/wp\/v2\/pages\/1503\/revisions\/1563"}],"wp:attachment":[{"href":"https:\/\/flashmarketing365.com\/index.php\/wp-json\/wp\/v2\/media?parent=1503"}],"curies":[{"name":"wp","href":"https:\/\/api.w.org\/{rel}","templated":true}]}}